{"id":64,"date":"2019-02-13T12:50:36","date_gmt":"2019-02-13T12:50:36","guid":{"rendered":"http:\/\/www.onshuisinitalie.nl\/wordpress\/?page_id=64"},"modified":"2019-02-13T12:50:36","modified_gmt":"2019-02-13T12:50:36","slug":"der-ferienpark","status":"publish","type":"page","link":"https:\/\/www.onshuisinitalie.nl\/wordpress\/de\/der-ferienpark\/","title":{"rendered":"Der Ferienpark"},"content":{"rendered":"\n<p>Der Park\u201d Villaggio Olandese\u201d liegt auf einem H\u00fcgel. 200 Bungalows sind in der gr\u00fcnen Parkanlage verteilt. In zentraler lage befinden sich:<\/p>\n\n\n\n<ul class=\"wp-block-list\"><li>die Rezeption (italienische Verwaltung mit niederl\u00e4ndischen, deutschen oder englischen Sprachkenntnissen). Bitte hier bei Ankunft den Schl\u00fcssel abholen.<\/li><li>Restaurant\/Pizzeria mit Bar und Terrasse mit Panoramablick<\/li><li>Freischwimmbad (25 x 10 m) mit Bademeister, Plantschbecken, Spielplatz<\/li><li>Sportm\u00f6glichkeiten: Minigolf, Tischtennis,Fu\u00dfball, Volleyball und Tennis<br>&nbsp;<\/li><\/ul>\n\n\n\n<p>In der Hauptsaison gibt es auch ein Animationsteam, dass \u201cSport- und Spiel\u201d organisiert.<\/p>\n","protected":false},"excerpt":{"rendered":"<p>Der Park\u201d Villaggio Olandese\u201d liegt auf einem H\u00fcgel. 200 Bungalows sind in der gr\u00fcnen Parkanlage verteilt. In zentraler lage befinden sich: die Rezeption (italienische Verwaltung mit niederl\u00e4ndischen, deutschen oder englischen Sprachkenntnissen). Bitte hier bei Ankunft den Schl\u00fcssel abholen. Restaurant\/Pizzeria mit Bar und Terrasse mit Panoramablick Freischwimmbad (25 x 10 m) mit Bademeister, Plantschbecken, Spielplatz Sportm\u00f6glichkeiten: Minigolf, Tischtennis,Fu\u00dfball, Volleyball und Tennis&nbsp; In der Hauptsaison gibt es auch ein Animationsteam, dass \u201cSport- und Spiel\u201d organisiert.<\/p>\n","protected":false},"author":1,"featured_media":0,"parent":0,"menu_order":0,"comment_status":"closed","ping_status":"closed","template":"","meta":{"footnotes":""},"class_list":["post-64","page","type-page","status-publish","hentry"],"_links":{"self":[{"href":"https:\/\/www.onshuisinitalie.nl\/wordpress\/wp-json\/wp\/v2\/pages\/64","targetHints":{"allow":["GET"]}}],"collection":[{"href":"https:\/\/www.onshuisinitalie.nl\/wordpress\/wp-json\/wp\/v2\/pages"}],"about":[{"href":"https:\/\/www.onshuisinitalie.nl\/wordpress\/wp-json\/wp\/v2\/types\/page"}],"author":[{"embeddable":true,"href":"https:\/\/www.onshuisinitalie.nl\/wordpress\/wp-json\/wp\/v2\/users\/1"}],"replies":[{"embeddable":true,"href":"https:\/\/www.onshuisinitalie.nl\/wordpress\/wp-json\/wp\/v2\/comments?post=64"}],"version-history":[{"count":1,"href":"https:\/\/www.onshuisinitalie.nl\/wordpress\/wp-json\/wp\/v2\/pages\/64\/revisions"}],"predecessor-version":[{"id":66,"href":"https:\/\/www.onshuisinitalie.nl\/wordpress\/wp-json\/wp\/v2\/pages\/64\/revisions\/66"}],"wp:attachment":[{"href":"https:\/\/www.onshuisinitalie.nl\/wordpress\/wp-json\/wp\/v2\/media?parent=64"}],"curies":[{"name":"wp","href":"https:\/\/api.w.org\/{rel}","templated":true}]}}