{"id":61,"date":"2019-02-13T12:49:17","date_gmt":"2019-02-13T12:49:17","guid":{"rendered":"http:\/\/www.onshuisinitalie.nl\/wordpress\/?page_id=61"},"modified":"2025-05-25T13:56:44","modified_gmt":"2025-05-25T13:56:44","slug":"verfugbarkeit","status":"publish","type":"page","link":"https:\/\/www.onshuisinitalie.nl\/wordpress\/de\/verfugbarkeit\/","title":{"rendered":"Verf\u00fcgbarkeit"},"content":{"rendered":"\n<p>Anreisetag: Samstag (in der Hauptsaison: Freitag) Die Mietpreise basieren auf max. 6 Personen, inkl. Energiekosten und WLAN, Nutzung des Schwimmbades ist gratis, Kurtaxe wird nicht erhoben!<br>Eine Reiser\u00c3\u00bccktrittversicherung ist nicht enthalten (diese m\u00c3\u00bcssten Sie ggf. selbst abschlie\u00c3\u0178en).<\/p>\n\n\n\n<p>Wenn unser Ferienhaus in der von Ihnen gew\u00c3\u00bcnschten Zeit nicht mehr zur Verf\u00c3\u00bcgung stehen sollte: Ab Juli 2019 vermieten wir unser neu renoviertes Ferienhaus, in der N\u00c3\u00a4he von \u00e2\u20ac\u02dcLa bella vista\u00e2\u20ac\u2122. Wegen der Verf\u00c3\u00bcgbarkeit k\u00c3\u00b6nnen Sie uns gerne anrufen (06-15274037) oder mailen (info@onshuisinitalie.nl).<\/p>\n\n\n<div class=\"wpsbc-container wpsbc-calendar-9\" data-id=\"9\" data-show_title=\"0\" data-months_to_show=\"1\" data-start_weekday=\"1\" data-show_legend=\"1\" data-legend_position=\"top\" data-show_button_navigation=\"1\" data-show_selector_navigation=\"1\" data-show_week_numbers=\"1\" data-current_year=\"2026\" data-current_month=\"4\" data-jump_months=\"0\" data-highlight_today=\"0\" data-history=\"1\" data-show_tooltip=\"1\" data-language=\"nl\" data-min_width=\"200\" data-max_width=\"380\" ><div class=\"wpsbc-calendars-wrapper wpsbc-legend-position-top\"><div class=\"wpsbc-legend\"><div class=\"wpsbc-legend-item\"><div class=\"wpsbc-legend-item-icon wpsbc-legend-item-icon-42\" data-type=\"single\"><div class=\"wpsbc-legend-item-icon-color\" ><\/div><div class=\"wpsbc-legend-item-icon-color\" ><\/div><\/div><span class=wpsbc-legend-item-name>Beschikbaar<\/span><\/div><div class=\"wpsbc-legend-item\"><div class=\"wpsbc-legend-item-icon wpsbc-legend-item-icon-43\" data-type=\"single\"><div class=\"wpsbc-legend-item-icon-color\" ><\/div><div class=\"wpsbc-legend-item-icon-color\" ><\/div><\/div><span class=wpsbc-legend-item-name>Geboekt<\/span><\/div><\/div><div class=\"wpsbc-calendars\"><div class=\"wpsbc-calendar wpsbc-calendar-month-4 wpsbc-calendar-year-2026\"><div class=\"wpsbc-calendar-header wpsbc-heading\"><div class=\"wpsbc-calendar-header-navigation\"><a href=\"#\" class=\"wpsbc-prev\" aria-label=\"Navigate to Previous Month\"><span class=\"wpsbc-arrow\"><\/span><\/a><div class=\"wpsbc-select-container\"><select aria-label=\"Month Selector\"><option value=\"1768435200\" >Januari 2026<\/option><option value=\"1771113600\" >Februari 2026<\/option><option value=\"1773532800\" >Maart 2026<\/option><option value=\"1776211200\"  selected='selected'>April 2026<\/option><option value=\"1778803200\" >Mei 2026<\/option><option value=\"1781481600\" >Juni 2026<\/option><option value=\"1784073600\" >Juli 2026<\/option><option value=\"1786752000\" >Augustus 2026<\/option><option value=\"1789430400\" >September 2026<\/option><option value=\"1792022400\" >Oktober 2026<\/option><option value=\"1794700800\" >November 2026<\/option><option value=\"1797292800\" >December 2026<\/option><option value=\"1799971200\" >Januari 2027<\/option><option value=\"1802649600\" >Februari 2027<\/option><option value=\"1805068800\" >Maart 2027<\/option><option value=\"1807747200\" >April 2027<\/option><\/select><\/div><a href=\"#\" class=\"wpsbc-next\" aria-label=\"Navigate to Next Month\"><span class=\"wpsbc-arrow\"><\/span><\/a><\/div><\/div><div class=\"wpsbc-calendar-wrapper\"><table><thead><tr><th><\/th><th>M<\/th><th>D<\/th><th>W<\/th><th>D<\/th><th>V<\/th><th>Z<\/th><th>Z<\/th><\/tr><\/thead><tbody><tr><td><div class=\"wpsbc-week-number\">14<\/div><\/td><td><div class=\"wpsbc-date   wpsbc-gap \" ><div class=\"wpsbc-date-inner\"><\/div><\/div><\/td><td><div class=\"wpsbc-date   wpsbc-gap \" ><div class=\"wpsbc-date-inner\"><\/div><\/div><\/td><td><div class=\"wpsbc-date wpsbc-legend-item-43   \" data-year=\"2026\" data-month=\"4\" data-day=\"1\"><div class=\"wpsbc-legend-item-icon wpsbc-legend-item-icon-43\" data-type=\"single\"><div class=\"wpsbc-legend-item-icon-color\" ><\/div><div class=\"wpsbc-legend-item-icon-color\" ><\/div><\/div><div class=\"wpsbc-date-inner\"><span class=\"wpsbc-date-number\">1<\/span><\/div><\/div><\/td><td><div class=\"wpsbc-date wpsbc-legend-item-43   \" data-year=\"2026\" data-month=\"4\" data-day=\"2\"><div class=\"wpsbc-legend-item-icon wpsbc-legend-item-icon-43\" data-type=\"single\"><div class=\"wpsbc-legend-item-icon-color\" ><\/div><div class=\"wpsbc-legend-item-icon-color\" ><\/div><\/div><div class=\"wpsbc-date-inner\"><span class=\"wpsbc-date-number\">2<\/span><\/div><\/div><\/td><td><div class=\"wpsbc-date wpsbc-legend-item-43   \" data-year=\"2026\" data-month=\"4\" data-day=\"3\"><div class=\"wpsbc-legend-item-icon wpsbc-legend-item-icon-43\" data-type=\"single\"><div class=\"wpsbc-legend-item-icon-color\" ><\/div><div class=\"wpsbc-legend-item-icon-color\" ><\/div><\/div><div class=\"wpsbc-date-inner\"><span class=\"wpsbc-date-number\">3<\/span><\/div><\/div><\/td><td><div class=\"wpsbc-date wpsbc-legend-item-43   \" data-year=\"2026\" data-month=\"4\" data-day=\"4\"><div class=\"wpsbc-legend-item-icon wpsbc-legend-item-icon-43\" data-type=\"single\"><div class=\"wpsbc-legend-item-icon-color\" ><\/div><div class=\"wpsbc-legend-item-icon-color\" ><\/div><\/div><div class=\"wpsbc-date-inner\"><span class=\"wpsbc-date-number\">4<\/span><\/div><\/div><\/td><td><div class=\"wpsbc-date wpsbc-legend-item-43   \" data-year=\"2026\" data-month=\"4\" data-day=\"5\"><div class=\"wpsbc-legend-item-icon wpsbc-legend-item-icon-43\" data-type=\"single\"><div class=\"wpsbc-legend-item-icon-color\" ><\/div><div class=\"wpsbc-legend-item-icon-color\" ><\/div><\/div><div class=\"wpsbc-date-inner\"><span class=\"wpsbc-date-number\">5<\/span><\/div><\/div><\/td><\/tr><tr><td><div class=\"wpsbc-week-number\">15<\/div><\/td><td><div class=\"wpsbc-date wpsbc-legend-item-43   \" data-year=\"2026\" data-month=\"4\" data-day=\"6\"><div class=\"wpsbc-legend-item-icon wpsbc-legend-item-icon-43\" data-type=\"single\"><div class=\"wpsbc-legend-item-icon-color\" ><\/div><div class=\"wpsbc-legend-item-icon-color\" ><\/div><\/div><div class=\"wpsbc-date-inner\"><span class=\"wpsbc-date-number\">6<\/span><\/div><\/div><\/td><td><div class=\"wpsbc-date wpsbc-legend-item-43   \" data-year=\"2026\" data-month=\"4\" data-day=\"7\"><div class=\"wpsbc-legend-item-icon wpsbc-legend-item-icon-43\" data-type=\"single\"><div class=\"wpsbc-legend-item-icon-color\" ><\/div><div class=\"wpsbc-legend-item-icon-color\" ><\/div><\/div><div class=\"wpsbc-date-inner\"><span class=\"wpsbc-date-number\">7<\/span><\/div><\/div><\/td><td><div class=\"wpsbc-date wpsbc-legend-item-43   \" data-year=\"2026\" data-month=\"4\" data-day=\"8\"><div class=\"wpsbc-legend-item-icon wpsbc-legend-item-icon-43\" data-type=\"single\"><div class=\"wpsbc-legend-item-icon-color\" ><\/div><div class=\"wpsbc-legend-item-icon-color\" ><\/div><\/div><div class=\"wpsbc-date-inner\"><span class=\"wpsbc-date-number\">8<\/span><\/div><\/div><\/td><td><div class=\"wpsbc-date wpsbc-legend-item-43   \" data-year=\"2026\" data-month=\"4\" data-day=\"9\"><div class=\"wpsbc-legend-item-icon wpsbc-legend-item-icon-43\" data-type=\"single\"><div class=\"wpsbc-legend-item-icon-color\" ><\/div><div class=\"wpsbc-legend-item-icon-color\" ><\/div><\/div><div class=\"wpsbc-date-inner\"><span class=\"wpsbc-date-number\">9<\/span><\/div><\/div><\/td><td><div class=\"wpsbc-date wpsbc-legend-item-43   \" data-year=\"2026\" data-month=\"4\" data-day=\"10\"><div class=\"wpsbc-legend-item-icon wpsbc-legend-item-icon-43\" data-type=\"single\"><div class=\"wpsbc-legend-item-icon-color\" ><\/div><div class=\"wpsbc-legend-item-icon-color\" ><\/div><\/div><div class=\"wpsbc-date-inner\"><span class=\"wpsbc-date-number\">10<\/span><\/div><\/div><\/td><td><div class=\"wpsbc-date wpsbc-legend-item-43   \" data-year=\"2026\" data-month=\"4\" data-day=\"11\"><div class=\"wpsbc-legend-item-icon wpsbc-legend-item-icon-43\" data-type=\"single\"><div class=\"wpsbc-legend-item-icon-color\" ><\/div><div class=\"wpsbc-legend-item-icon-color\" ><\/div><\/div><div class=\"wpsbc-date-inner\"><span class=\"wpsbc-date-number\">11<\/span><\/div><\/div><\/td><td><div class=\"wpsbc-date wpsbc-legend-item-43   \" data-year=\"2026\" data-month=\"4\" data-day=\"12\"><div class=\"wpsbc-legend-item-icon wpsbc-legend-item-icon-43\" data-type=\"single\"><div class=\"wpsbc-legend-item-icon-color\" ><\/div><div class=\"wpsbc-legend-item-icon-color\" ><\/div><\/div><div class=\"wpsbc-date-inner\"><span class=\"wpsbc-date-number\">12<\/span><\/div><\/div><\/td><\/tr><tr><td><div class=\"wpsbc-week-number\">16<\/div><\/td><td><div class=\"wpsbc-date wpsbc-legend-item-43   \" data-year=\"2026\" data-month=\"4\" data-day=\"13\"><div class=\"wpsbc-legend-item-icon wpsbc-legend-item-icon-43\" data-type=\"single\"><div class=\"wpsbc-legend-item-icon-color\" ><\/div><div class=\"wpsbc-legend-item-icon-color\" ><\/div><\/div><div class=\"wpsbc-date-inner\"><span class=\"wpsbc-date-number\">13<\/span><\/div><\/div><\/td><td><div class=\"wpsbc-date wpsbc-legend-item-43   \" data-year=\"2026\" data-month=\"4\" data-day=\"14\"><div class=\"wpsbc-legend-item-icon wpsbc-legend-item-icon-43\" data-type=\"single\"><div class=\"wpsbc-legend-item-icon-color\" ><\/div><div class=\"wpsbc-legend-item-icon-color\" ><\/div><\/div><div class=\"wpsbc-date-inner\"><span class=\"wpsbc-date-number\">14<\/span><\/div><\/div><\/td><td><div class=\"wpsbc-date wpsbc-legend-item-43   \" data-year=\"2026\" data-month=\"4\" data-day=\"15\"><div class=\"wpsbc-legend-item-icon wpsbc-legend-item-icon-43\" data-type=\"single\"><div class=\"wpsbc-legend-item-icon-color\" ><\/div><div class=\"wpsbc-legend-item-icon-color\" ><\/div><\/div><div class=\"wpsbc-date-inner\"><span class=\"wpsbc-date-number\">15<\/span><\/div><\/div><\/td><td><div class=\"wpsbc-date wpsbc-legend-item-43   \" data-year=\"2026\" data-month=\"4\" data-day=\"16\"><div class=\"wpsbc-legend-item-icon wpsbc-legend-item-icon-43\" data-type=\"single\"><div class=\"wpsbc-legend-item-icon-color\" ><\/div><div class=\"wpsbc-legend-item-icon-color\" ><\/div><\/div><div class=\"wpsbc-date-inner\"><span class=\"wpsbc-date-number\">16<\/span><\/div><\/div><\/td><td><div class=\"wpsbc-date wpsbc-legend-item-43   \" data-year=\"2026\" data-month=\"4\" data-day=\"17\"><div class=\"wpsbc-legend-item-icon wpsbc-legend-item-icon-43\" data-type=\"single\"><div class=\"wpsbc-legend-item-icon-color\" ><\/div><div class=\"wpsbc-legend-item-icon-color\" ><\/div><\/div><div class=\"wpsbc-date-inner\"><span class=\"wpsbc-date-number\">17<\/span><\/div><\/div><\/td><td><div class=\"wpsbc-date wpsbc-legend-item-45   \" data-year=\"2026\" data-month=\"4\" data-day=\"18\"><div class=\"wpsbc-legend-item-icon wpsbc-legend-item-icon-45\" data-type=\"split\"><div class=\"wpsbc-legend-item-icon-color\" ><svg height=\"100%\" width=\"100%\" viewBox=\"0 0 50 50\" preserveAspectRatio=\"none\"><polygon points=\"0,0 0,50 50,0\" \/><\/svg><\/div><div class=\"wpsbc-legend-item-icon-color\" ><svg height=\"100%\" width=\"100%\" viewBox=\"0 0 50 50\" preserveAspectRatio=\"none\"><polygon points=\"0,50 50,50 50,0\" \/><\/svg><\/div><\/div><div class=\"wpsbc-date-inner\"><span class=\"wpsbc-date-number\">18<\/span><\/div><\/div><\/td><td><div class=\"wpsbc-date wpsbc-legend-item-42   \" data-year=\"2026\" data-month=\"4\" data-day=\"19\"><div class=\"wpsbc-legend-item-icon wpsbc-legend-item-icon-42\" data-type=\"single\"><div class=\"wpsbc-legend-item-icon-color\" ><\/div><div class=\"wpsbc-legend-item-icon-color\" ><\/div><\/div><div class=\"wpsbc-date-inner\"><span class=\"wpsbc-date-number\">19<\/span><\/div><\/div><\/td><\/tr><tr><td><div class=\"wpsbc-week-number\">17<\/div><\/td><td><div class=\"wpsbc-date wpsbc-legend-item-42   \" data-year=\"2026\" data-month=\"4\" data-day=\"20\"><div class=\"wpsbc-legend-item-icon wpsbc-legend-item-icon-42\" data-type=\"single\"><div class=\"wpsbc-legend-item-icon-color\" ><\/div><div class=\"wpsbc-legend-item-icon-color\" ><\/div><\/div><div class=\"wpsbc-date-inner\"><span class=\"wpsbc-date-number\">20<\/span><\/div><\/div><\/td><td><div class=\"wpsbc-date wpsbc-legend-item-42   \" data-year=\"2026\" data-month=\"4\" data-day=\"21\"><div class=\"wpsbc-legend-item-icon wpsbc-legend-item-icon-42\" data-type=\"single\"><div class=\"wpsbc-legend-item-icon-color\" ><\/div><div class=\"wpsbc-legend-item-icon-color\" ><\/div><\/div><div class=\"wpsbc-date-inner\"><span class=\"wpsbc-date-number\">21<\/span><\/div><\/div><\/td><td><div class=\"wpsbc-date wpsbc-legend-item-42   \" data-year=\"2026\" data-month=\"4\" data-day=\"22\"><div class=\"wpsbc-legend-item-icon wpsbc-legend-item-icon-42\" data-type=\"single\"><div class=\"wpsbc-legend-item-icon-color\" ><\/div><div class=\"wpsbc-legend-item-icon-color\" ><\/div><\/div><div class=\"wpsbc-date-inner\"><span class=\"wpsbc-date-number\">22<\/span><\/div><\/div><\/td><td><div class=\"wpsbc-date wpsbc-legend-item-42   \" data-year=\"2026\" data-month=\"4\" data-day=\"23\"><div class=\"wpsbc-legend-item-icon wpsbc-legend-item-icon-42\" data-type=\"single\"><div class=\"wpsbc-legend-item-icon-color\" ><\/div><div class=\"wpsbc-legend-item-icon-color\" ><\/div><\/div><div class=\"wpsbc-date-inner\"><span class=\"wpsbc-date-number\">23<\/span><\/div><\/div><\/td><td><div class=\"wpsbc-date wpsbc-legend-item-42   \" data-year=\"2026\" data-month=\"4\" data-day=\"24\"><div class=\"wpsbc-legend-item-icon wpsbc-legend-item-icon-42\" data-type=\"single\"><div class=\"wpsbc-legend-item-icon-color\" ><\/div><div class=\"wpsbc-legend-item-icon-color\" ><\/div><\/div><div class=\"wpsbc-date-inner\"><span class=\"wpsbc-date-number\">24<\/span><\/div><\/div><\/td><td><div class=\"wpsbc-date wpsbc-legend-item-44   \" data-year=\"2026\" data-month=\"4\" data-day=\"25\"><div class=\"wpsbc-legend-item-icon wpsbc-legend-item-icon-44\" data-type=\"split\"><div class=\"wpsbc-legend-item-icon-color\" ><svg height=\"100%\" width=\"100%\" viewBox=\"0 0 50 50\" preserveAspectRatio=\"none\"><polygon points=\"0,0 0,50 50,0\" \/><\/svg><\/div><div class=\"wpsbc-legend-item-icon-color\" ><svg height=\"100%\" width=\"100%\" viewBox=\"0 0 50 50\" preserveAspectRatio=\"none\"><polygon points=\"0,50 50,50 50,0\" \/><\/svg><\/div><\/div><div class=\"wpsbc-date-inner\"><span class=\"wpsbc-date-number\">25<\/span><\/div><\/div><\/td><td><div class=\"wpsbc-date wpsbc-legend-item-43   \" data-year=\"2026\" data-month=\"4\" data-day=\"26\"><div class=\"wpsbc-legend-item-icon wpsbc-legend-item-icon-43\" data-type=\"single\"><div class=\"wpsbc-legend-item-icon-color\" ><\/div><div class=\"wpsbc-legend-item-icon-color\" ><\/div><\/div><div class=\"wpsbc-date-inner\"><span class=\"wpsbc-date-number\">26<\/span><\/div><\/div><\/td><\/tr><tr><td><div class=\"wpsbc-week-number\">18<\/div><\/td><td><div class=\"wpsbc-date wpsbc-legend-item-43   \" data-year=\"2026\" data-month=\"4\" data-day=\"27\"><div class=\"wpsbc-legend-item-icon wpsbc-legend-item-icon-43\" data-type=\"single\"><div class=\"wpsbc-legend-item-icon-color\" ><\/div><div class=\"wpsbc-legend-item-icon-color\" ><\/div><\/div><div class=\"wpsbc-date-inner\"><span class=\"wpsbc-date-number\">27<\/span><\/div><\/div><\/td><td><div class=\"wpsbc-date wpsbc-legend-item-43   \" data-year=\"2026\" data-month=\"4\" data-day=\"28\"><div class=\"wpsbc-legend-item-icon wpsbc-legend-item-icon-43\" data-type=\"single\"><div class=\"wpsbc-legend-item-icon-color\" ><\/div><div class=\"wpsbc-legend-item-icon-color\" ><\/div><\/div><div class=\"wpsbc-date-inner\"><span class=\"wpsbc-date-number\">28<\/span><\/div><\/div><\/td><td><div class=\"wpsbc-date wpsbc-legend-item-43   \" data-year=\"2026\" data-month=\"4\" data-day=\"29\"><div class=\"wpsbc-legend-item-icon wpsbc-legend-item-icon-43\" data-type=\"single\"><div class=\"wpsbc-legend-item-icon-color\" ><\/div><div class=\"wpsbc-legend-item-icon-color\" ><\/div><\/div><div class=\"wpsbc-date-inner\"><span class=\"wpsbc-date-number\">29<\/span><\/div><\/div><\/td><td><div class=\"wpsbc-date wpsbc-legend-item-43   \" data-year=\"2026\" data-month=\"4\" data-day=\"30\"><div class=\"wpsbc-legend-item-icon wpsbc-legend-item-icon-43\" data-type=\"single\"><div class=\"wpsbc-legend-item-icon-color\" ><\/div><div class=\"wpsbc-legend-item-icon-color\" ><\/div><\/div><div class=\"wpsbc-date-inner\"><span class=\"wpsbc-date-number\">30<\/span><\/div><\/div><\/td><td><div class=\"wpsbc-date   wpsbc-gap \" ><div class=\"wpsbc-date-inner\"><\/div><\/div><\/td><td><div class=\"wpsbc-date   wpsbc-gap \" ><div class=\"wpsbc-date-inner\"><\/div><\/div><\/td><td><div class=\"wpsbc-date   wpsbc-gap \" ><div class=\"wpsbc-date-inner\"><\/div><\/div><\/td><\/tr><\/tbody><\/table><\/div><\/div><\/div><\/div><style>.wpsbc-container.wpsbc-calendar-9 .wpsbc-legend-item-icon-42 div:first-of-type { background-color: #ddffcc !important; }.wpsbc-container.wpsbc-calendar-9 .wpsbc-legend-item-icon-42 div:nth-of-type(2) { background-color: transparent !important; }.wpsbc-container.wpsbc-calendar-9 .wpsbc-legend-item-icon-42 div:first-of-type svg { fill: #ddffcc !important; }.wpsbc-container.wpsbc-calendar-9 .wpsbc-legend-item-icon-42 div:nth-of-type(2) svg { fill: transparent !important; }.wpsbc-ical-changeover .wpsbc-legend-item-icon:after {background-color: #ddffcc;}.wpsbc-container.wpsbc-calendar-9 .wpsbc-legend-item-icon-43 div:first-of-type { background-color: #ffc0bd !important; }.wpsbc-container.wpsbc-calendar-9 .wpsbc-legend-item-icon-43 div:nth-of-type(2) { background-color: transparent !important; }.wpsbc-container.wpsbc-calendar-9 .wpsbc-legend-item-icon-43 div:first-of-type svg { fill: #ffc0bd !important; }.wpsbc-container.wpsbc-calendar-9 .wpsbc-legend-item-icon-43 div:nth-of-type(2) svg { fill: transparent !important; }.wpsbc-container.wpsbc-calendar-9 .wpsbc-legend-item-icon-44 div:first-of-type { background-color: #ddffcc !important; }.wpsbc-container.wpsbc-calendar-9 .wpsbc-legend-item-icon-44 div:nth-of-type(2) { background-color: #ffc0bd !important; }.wpsbc-container.wpsbc-calendar-9 .wpsbc-legend-item-icon-44 div:first-of-type svg { fill: #ddffcc !important; }.wpsbc-container.wpsbc-calendar-9 .wpsbc-legend-item-icon-44 div:nth-of-type(2) svg { fill: #ffc0bd !important; }.wpsbc-container.wpsbc-calendar-9 .wpsbc-legend-item-icon-45 div:first-of-type { background-color: #ffc0bd !important; }.wpsbc-container.wpsbc-calendar-9 .wpsbc-legend-item-icon-45 div:nth-of-type(2) { background-color: #ddffcc !important; }.wpsbc-container.wpsbc-calendar-9 .wpsbc-legend-item-icon-45 div:first-of-type svg { fill: #ffc0bd !important; }.wpsbc-container.wpsbc-calendar-9 .wpsbc-legend-item-icon-45 div:nth-of-type(2) svg { fill: #ddffcc !important; }.wpsbc-container.wpsbc-calendar-9 .wpsbc-date-today .wpsbc-legend-item-icon { border: 4px solid rgba( 33,150,243, .9 ) !important; }.wpsbc-container.wpsbc-calendar-9 .wpsbc-legend-item-icon-0 div:first-of-type { background-color: #e1e1e1 !important; }<\/style><div class=\"wpsbc-container-loaded\" data-just-loaded=\"1\"><\/div><\/div>\n\n\n\n<p><strong>Overzicht huurprijzen 2025 per week<\/strong><\/p>\n\n\n<p><!--EndFragment--><\/p>\n\n\n<figure class=\"wp-block-table is-style-stripes\"><table><thead><tr><th>Weeknr.<\/th><th>van<\/th><th>t\/m<\/th><th>Huurprijs\/week<\/th><\/tr><\/thead><tbody><tr><td>8 t\/m 16<\/td><td>15-2<\/td><td>19-4<\/td><td>\u20ac 700,-<\/td><\/tr><tr><td>17<\/td><td>19-4<\/td><td>26-4<\/td><td>\u20ac 750,-<\/td><\/tr><tr><td>18<\/td><td>26-4<\/td><td>3-5<\/td><td>\u20ac 950,-<\/td><\/tr><tr><td>20 t\/m 22<\/td><td>3-5<\/td><td>31-5<\/td><td>\u20ac 800,-<\/td><\/tr><tr><td>23 t\/m 27<\/td><td>31-5<\/td><td>4-7<\/td><td>\u20ac 1000,-<\/td><\/tr><tr><td>28 t\/m 35 (zomervakantie)<\/td><td>4-7<\/td><td>29-8<\/td><td>\u20ac 1.250,-<\/td><\/tr><tr><td>36 en 37<\/td><td>29-8<\/td><td>13-9<\/td><td>\u20ac 1000,-<\/td><\/tr><tr><td>38<\/td><td>13-9<\/td><td>20-9<\/td><td>\u20ac 900,-<\/td><\/tr><tr><td>39<\/td><td>20-9<\/td><td>27-9<\/td><td>\u20ac 800,-<\/td><\/tr><tr><td>40 en 41<\/td><td>27-9<\/td><td>11-10<\/td><td>\u20ac 700,-<\/td><\/tr><tr><td>42 en 43 (herfstvakantie)<\/td><td>11-10<\/td><td>25-10<\/td><td>\u20ac 850,-<\/td><\/tr><tr><td>44<\/td><td>25-10<\/td><td>1-11<\/td><td>\u20ac 700,-<\/td><\/tr><\/tbody><\/table><\/figure>\n","protected":false},"excerpt":{"rendered":"<p>Anreisetag: Samstag (in der Hauptsaison: Freitag) Die Mietpreise basieren auf max. 6 Personen, inkl. Energiekosten und WLAN, Nutzung des Schwimmbades ist gratis, Kurtaxe wird nicht erhoben!Eine Reiser\u00c3\u00bccktrittversicherung ist nicht enthalten (diese m\u00c3\u00bcssten Sie ggf. selbst abschlie\u00c3\u0178en). Wenn unser Ferienhaus in der von Ihnen gew\u00c3\u00bcnschten Zeit nicht mehr zur Verf\u00c3\u00bcgung stehen sollte: Ab Juli 2019 vermieten wir unser neu renoviertes Ferienhaus, in der N\u00c3\u00a4he von \u00e2\u20ac\u02dcLa bella vista\u00e2\u20ac\u2122. Wegen der Verf\u00c3\u00bcgbarkeit k\u00c3\u00b6nnen Sie uns gerne anrufen (06-15274037) oder mailen (info@onshuisinitalie.nl). Overzicht&#8230;<\/p>\n<p class=\"read-more\"><a class=\"btn btn-default\" href=\"https:\/\/www.onshuisinitalie.nl\/wordpress\/de\/verfugbarkeit\/\"> Lees Meer<span class=\"screen-reader-text\">  Lees Meer<\/span><\/a><\/p>\n","protected":false},"author":1,"featured_media":0,"parent":0,"menu_order":0,"comment_status":"closed","ping_status":"closed","template":"","meta":{"footnotes":""},"class_list":["post-61","page","type-page","status-publish","hentry"],"_links":{"self":[{"href":"https:\/\/www.onshuisinitalie.nl\/wordpress\/wp-json\/wp\/v2\/pages\/61","targetHints":{"allow":["GET"]}}],"collection":[{"href":"https:\/\/www.onshuisinitalie.nl\/wordpress\/wp-json\/wp\/v2\/pages"}],"about":[{"href":"https:\/\/www.onshuisinitalie.nl\/wordpress\/wp-json\/wp\/v2\/types\/page"}],"author":[{"embeddable":true,"href":"https:\/\/www.onshuisinitalie.nl\/wordpress\/wp-json\/wp\/v2\/users\/1"}],"replies":[{"embeddable":true,"href":"https:\/\/www.onshuisinitalie.nl\/wordpress\/wp-json\/wp\/v2\/comments?post=61"}],"version-history":[{"count":5,"href":"https:\/\/www.onshuisinitalie.nl\/wordpress\/wp-json\/wp\/v2\/pages\/61\/revisions"}],"predecessor-version":[{"id":455,"href":"https:\/\/www.onshuisinitalie.nl\/wordpress\/wp-json\/wp\/v2\/pages\/61\/revisions\/455"}],"wp:attachment":[{"href":"https:\/\/www.onshuisinitalie.nl\/wordpress\/wp-json\/wp\/v2\/media?parent=61"}],"curies":[{"name":"wp","href":"https:\/\/api.w.org\/{rel}","templated":true}]}}