{"id":57,"date":"2019-02-13T12:47:22","date_gmt":"2019-02-13T12:47:22","guid":{"rendered":"http:\/\/www.onshuisinitalie.nl\/wordpress\/?page_id=57"},"modified":"2019-02-13T12:47:23","modified_gmt":"2019-02-13T12:47:23","slug":"startseite","status":"publish","type":"page","link":"https:\/\/www.onshuisinitalie.nl\/wordpress\/de\/startseite\/","title":{"rendered":"Startseite"},"content":{"rendered":"\n<p>An der Ostseite des wundersch\u00f6nen Lagio Maggiore liegt unser Ferienhaus-Bungalow f\u00fcr 6 Personen \u201cLa Bella Vista\u201d im Ferienpark \u201cVillagio Olandese\u201d.&nbsp;<br>Der Ferienpark liegt ca. 3 km von Luino entfernt und geh\u00f6rt zum Kreis Brezzo die Bedero. Im Park (200 m \u00fcber dem Meer) hat man einen herrlichen Blick auf den Lagio Maggiore und die Alpen.<\/p>\n\n\n\n<p>Knapp 1000 km von Utrecht (Niederlande) entfernt, befinden Sie sich an einem idealen Urlaubsort mit submediterranem Klima, umgeben von Palmen und Oelandern. (Berg)wandern, Wassersport, Str\u00e4nde, St\u00e4dte (z.B. Mailand), Inseln, malerische D\u00f6rfer, alte Kirchen, botanische G\u00e4rten etc.: alles befindet sich in erreichbarer N\u00e4he. Wenn Sie mal einen Tag im Ferienhaus entspannen m\u00f6chten, k\u00f6nnen Sie auf der Terrase die Aussicht genie\u00dfen, das Park-Schwimmbad besuchen, im Ferienpark spazieren gehen oder abends im Restaurant bei Pizza oder Pasta den Tag ausklingen lassen.<\/p>\n","protected":false},"excerpt":{"rendered":"<p>An der Ostseite des wundersch\u00f6nen Lagio Maggiore liegt unser Ferienhaus-Bungalow f\u00fcr 6 Personen \u201cLa Bella Vista\u201d im Ferienpark \u201cVillagio Olandese\u201d.&nbsp;Der Ferienpark liegt ca. 3 km von Luino entfernt und geh\u00f6rt zum Kreis Brezzo die Bedero. Im Park (200 m \u00fcber dem Meer) hat man einen herrlichen Blick auf den Lagio Maggiore und die Alpen. Knapp 1000 km von Utrecht (Niederlande) entfernt, befinden Sie sich an einem idealen Urlaubsort mit submediterranem Klima, umgeben von Palmen und Oelandern. (Berg)wandern, Wassersport, Str\u00e4nde, St\u00e4dte&#8230;<\/p>\n<p class=\"read-more\"><a class=\"btn btn-default\" href=\"https:\/\/www.onshuisinitalie.nl\/wordpress\/de\/startseite\/\"> Lees Meer<span class=\"screen-reader-text\">  Lees Meer<\/span><\/a><\/p>\n","protected":false},"author":1,"featured_media":0,"parent":0,"menu_order":0,"comment_status":"closed","ping_status":"closed","template":"","meta":{"footnotes":""},"class_list":["post-57","page","type-page","status-publish","hentry"],"_links":{"self":[{"href":"https:\/\/www.onshuisinitalie.nl\/wordpress\/wp-json\/wp\/v2\/pages\/57","targetHints":{"allow":["GET"]}}],"collection":[{"href":"https:\/\/www.onshuisinitalie.nl\/wordpress\/wp-json\/wp\/v2\/pages"}],"about":[{"href":"https:\/\/www.onshuisinitalie.nl\/wordpress\/wp-json\/wp\/v2\/types\/page"}],"author":[{"embeddable":true,"href":"https:\/\/www.onshuisinitalie.nl\/wordpress\/wp-json\/wp\/v2\/users\/1"}],"replies":[{"embeddable":true,"href":"https:\/\/www.onshuisinitalie.nl\/wordpress\/wp-json\/wp\/v2\/comments?post=57"}],"version-history":[{"count":1,"href":"https:\/\/www.onshuisinitalie.nl\/wordpress\/wp-json\/wp\/v2\/pages\/57\/revisions"}],"predecessor-version":[{"id":59,"href":"https:\/\/www.onshuisinitalie.nl\/wordpress\/wp-json\/wp\/v2\/pages\/57\/revisions\/59"}],"wp:attachment":[{"href":"https:\/\/www.onshuisinitalie.nl\/wordpress\/wp-json\/wp\/v2\/media?parent=57"}],"curies":[{"name":"wp","href":"https:\/\/api.w.org\/{rel}","templated":true}]}}