{"id":122,"date":"2019-02-13T14:55:49","date_gmt":"2019-02-13T14:55:49","guid":{"rendered":"http:\/\/www.onshuisinitalie.nl\/wordpress\/?page_id=122"},"modified":"2019-02-13T14:55:50","modified_gmt":"2019-02-13T14:55:50","slug":"wegbeschreibung","status":"publish","type":"page","link":"https:\/\/www.onshuisinitalie.nl\/wordpress\/de\/wegbeschreibung\/","title":{"rendered":"Wegbeschreibung"},"content":{"rendered":"\n<p>\n\nAdresse des Ferienparks:<br>Villaggio di Sunclass Bedero<br>Localita Garno 2<br>21010 Brezzo di Bedero (VA)<br>Telefon: (0039)-0332-532378<\/p>\n\n\n\n<p>Mit Ihrem Routenplaner suchen Sie am Besten den Ortsnamen Brezzi di Bedero und die Stra\u00dfe Via alla Pineta (oder Alla Pineta).<\/p>\n\n\n\n<p>In der Schweiz ben\u00f6tigen Sie eine Vignette.&nbsp;<br>Basel-Luzern-Gotthardtunnel. Nach dem Gotthardtunnel: Richtung Lugano (Autobahn). Ausfahrt Bellinzona-S\u00fcd nehmen und Richtung Locarno fahren. Nache einigen Kreiseln bitte den Schildern in Richtung Luino folgen. Sie fahren entlang des \u00f6stlichen Ufers des Lagio Maggiore und bei Zenna \u00fcber die Grenze (Schweiz\/Italien).<br>In Luino der Stra\u00dfe entlang dem See in s\u00fcdlicher Richtung folgen. Die Br\u00fccke (in Germignaga) \u00fcberqueren und beim Kreisel links abbiegen (ab hier stehen Schilder \u201cVillagio Olandese\u201d. Nachdem Sie unter einer Bahnbr\u00fccke durchgefahren sind, rechts abbiegen. Nach 500 m (Schule auf der linken Seite) links abbiegen und dem Weg f\u00fcr ca. 2,1 km folgen. Beim Park angekommen bitte den Schildern \u201cReceptie\u201d (= Rezeption) folgen.\n\n<\/p>\n","protected":false},"excerpt":{"rendered":"<p>Adresse des Ferienparks:Villaggio di Sunclass BederoLocalita Garno 221010 Brezzo di Bedero (VA)Telefon: (0039)-0332-532378 Mit Ihrem Routenplaner suchen Sie am Besten den Ortsnamen Brezzi di Bedero und die Stra\u00dfe Via alla Pineta (oder Alla Pineta). In der Schweiz ben\u00f6tigen Sie eine Vignette.&nbsp;Basel-Luzern-Gotthardtunnel. Nach dem Gotthardtunnel: Richtung Lugano (Autobahn). Ausfahrt Bellinzona-S\u00fcd nehmen und Richtung Locarno fahren. Nache einigen Kreiseln bitte den Schildern in Richtung Luino folgen. Sie fahren entlang des \u00f6stlichen Ufers des Lagio Maggiore und bei Zenna \u00fcber die Grenze (Schweiz\/Italien).In&#8230;<\/p>\n<p class=\"read-more\"><a class=\"btn btn-default\" href=\"https:\/\/www.onshuisinitalie.nl\/wordpress\/de\/wegbeschreibung\/\"> Lees Meer<span class=\"screen-reader-text\">  Lees Meer<\/span><\/a><\/p>\n","protected":false},"author":1,"featured_media":0,"parent":0,"menu_order":0,"comment_status":"closed","ping_status":"closed","template":"","meta":{"footnotes":""},"class_list":["post-122","page","type-page","status-publish","hentry"],"_links":{"self":[{"href":"https:\/\/www.onshuisinitalie.nl\/wordpress\/wp-json\/wp\/v2\/pages\/122","targetHints":{"allow":["GET"]}}],"collection":[{"href":"https:\/\/www.onshuisinitalie.nl\/wordpress\/wp-json\/wp\/v2\/pages"}],"about":[{"href":"https:\/\/www.onshuisinitalie.nl\/wordpress\/wp-json\/wp\/v2\/types\/page"}],"author":[{"embeddable":true,"href":"https:\/\/www.onshuisinitalie.nl\/wordpress\/wp-json\/wp\/v2\/users\/1"}],"replies":[{"embeddable":true,"href":"https:\/\/www.onshuisinitalie.nl\/wordpress\/wp-json\/wp\/v2\/comments?post=122"}],"version-history":[{"count":1,"href":"https:\/\/www.onshuisinitalie.nl\/wordpress\/wp-json\/wp\/v2\/pages\/122\/revisions"}],"predecessor-version":[{"id":124,"href":"https:\/\/www.onshuisinitalie.nl\/wordpress\/wp-json\/wp\/v2\/pages\/122\/revisions\/124"}],"wp:attachment":[{"href":"https:\/\/www.onshuisinitalie.nl\/wordpress\/wp-json\/wp\/v2\/media?parent=122"}],"curies":[{"name":"wp","href":"https:\/\/api.w.org\/{rel}","templated":true}]}}